{"id":1889,"date":"2023-07-28T16:33:02","date_gmt":"2023-07-28T16:33:02","guid":{"rendered":"https:\/\/clustermedicochihuahua.com\/?page_id=1889"},"modified":"2024-04-26T16:49:45","modified_gmt":"2024-04-26T22:49:45","slug":"nosotros","status":"publish","type":"page","link":"https:\/\/clustermedicochihuahua.com\/en\/nosotros\/","title":{"rendered":"About us"},"content":{"rendered":"<div data-elementor-type=\"wp-page\" data-elementor-id=\"1889\" class=\"elementor elementor-1889\">\n\t\t\t\t\t\t<section class=\"elementor-section elementor-top-section elementor-element elementor-element-48ed54af elementor-section-boxed elementor-section-height-default elementor-section-height-default\" data-id=\"48ed54af\" data-element_type=\"section\" data-settings=\"{&quot;background_background&quot;:&quot;classic&quot;}\">\n\t\t\t\t\t\t\t<div class=\"elementor-background-overlay\"><\/div>\n\t\t\t\t\t\t\t<div class=\"elementor-container elementor-column-gap-default\">\n\t\t\t\t\t<div class=\"elementor-column elementor-col-33 elementor-top-column elementor-element elementor-element-3c01c31b\" data-id=\"3c01c31b\" data-element_type=\"column\">\n\t\t\t<div class=\"elementor-widget-wrap elementor-element-populated\">\n\t\t\t\t\t\t<div class=\"elementor-element elementor-element-3e23bb9d elementor-widget elementor-widget-image\" data-id=\"3e23bb9d\" data-element_type=\"widget\" data-widget_type=\"image.default\">\n\t\t\t\t<div class=\"elementor-widget-container\">\n\t\t\t\t\t\t\t\t\t\t\t\t\t<img fetchpriority=\"high\" decoding=\"async\" width=\"1333\" height=\"2000\" src=\"https:\/\/clustermedicochihuahua.com\/wp-content\/uploads\/2023\/10\/Canaco-34.jpg\" class=\"attachment-full size-full wp-image-2810\" alt=\"\" srcset=\"https:\/\/clustermedicochihuahua.com\/wp-content\/uploads\/2023\/10\/Canaco-34.jpg 1333w, https:\/\/clustermedicochihuahua.com\/wp-content\/uploads\/2023\/10\/Canaco-34-200x300.jpg 200w, https:\/\/clustermedicochihuahua.com\/wp-content\/uploads\/2023\/10\/Canaco-34-682x1024.jpg 682w, https:\/\/clustermedicochihuahua.com\/wp-content\/uploads\/2023\/10\/Canaco-34-768x1152.jpg 768w, https:\/\/clustermedicochihuahua.com\/wp-content\/uploads\/2023\/10\/Canaco-34-1024x1536.jpg 1024w, https:\/\/clustermedicochihuahua.com\/wp-content\/uploads\/2023\/10\/Canaco-34-8x12.jpg 8w\" sizes=\"(max-width: 1333px) 100vw, 1333px\" \/>\t\t\t\t\t\t\t\t\t\t\t\t\t<\/div>\n\t\t\t\t<\/div>\n\t\t\t\t\t<\/div>\n\t\t<\/div>\n\t\t\t\t<div class=\"elementor-column elementor-col-66 elementor-top-column elementor-element elementor-element-315ef4c9\" data-id=\"315ef4c9\" data-element_type=\"column\">\n\t\t\t<div class=\"elementor-widget-wrap elementor-element-populated\">\n\t\t\t\t\t\t<div class=\"elementor-element elementor-element-e01d7e elementor-widget elementor-widget-heading\" data-id=\"e01d7e\" data-element_type=\"widget\" data-widget_type=\"heading.default\">\n\t\t\t\t<div class=\"elementor-widget-container\">\n\t\t\t<h6 class=\"elementor-heading-title elementor-size-default\">Our objetive<\/h6>\t\t<\/div>\n\t\t\t\t<\/div>\n\t\t\t\t<div class=\"elementor-element elementor-element-505afddb elementor-widget elementor-widget-heading\" data-id=\"505afddb\" data-element_type=\"widget\" data-widget_type=\"heading.default\">\n\t\t\t\t<div class=\"elementor-widget-container\">\n\t\t\t<h2 class=\"elementor-heading-title elementor-size-default\">Leaders in the transformation of the Medical and Health Tourism sector in the State of Chihuahua, Mexico.<\/h2>\t\t<\/div>\n\t\t\t\t<\/div>\n\t\t\t\t<div class=\"elementor-element elementor-element-75d61873 elementor-widget elementor-widget-text-editor\" data-id=\"75d61873\" data-element_type=\"widget\" data-widget_type=\"text-editor.default\">\n\t\t\t\t<div class=\"elementor-widget-container\">\n\t\t\t\t\t\t\t<p>Establish a renowned Medical Tourism Cluster that capitalizes on the excellent medical resources and amazing natural beauty of the region. We focus on driving the growth and promotion of medical tourism, providing unique experiences to visitors seeking quality treatments. Our commitment is reflected in the constant search for relevant statistics and data, which allow us to continually evaluate and elevate the performance of the cluster, thus ensuring standards of excellence at all levels.<\/p>\t\t\t\t\t\t<\/div>\n\t\t\t\t<\/div>\n\t\t\t\t\t<\/div>\n\t\t<\/div>\n\t\t\t\t\t<\/div>\n\t\t<\/section>\n\t\t\t\t<section class=\"elementor-section elementor-top-section elementor-element elementor-element-3beac37 elementor-section-content-middle elementor-section-stretched elementor-section-boxed elementor-section-height-default elementor-section-height-default\" data-id=\"3beac37\" data-element_type=\"section\" data-settings=\"{&quot;stretch_section&quot;:&quot;section-stretched&quot;,&quot;background_background&quot;:&quot;classic&quot;}\">\n\t\t\t\t\t\t<div class=\"elementor-container elementor-column-gap-default\">\n\t\t\t\t\t<div class=\"elementor-column elementor-col-100 elementor-top-column elementor-element elementor-element-dc56e7b\" data-id=\"dc56e7b\" data-element_type=\"column\">\n\t\t\t<div class=\"elementor-widget-wrap elementor-element-populated\">\n\t\t\t\t\t\t<div class=\"elementor-element elementor-element-9a38373 elementor-widget elementor-widget-image-carousel\" data-id=\"9a38373\" data-element_type=\"widget\" data-settings=\"{&quot;slides_to_show&quot;:&quot;5&quot;,&quot;slides_to_scroll&quot;:&quot;1&quot;,&quot;navigation&quot;:&quot;none&quot;,&quot;image_spacing_custom&quot;:{&quot;unit&quot;:&quot;px&quot;,&quot;size&quot;:37,&quot;sizes&quot;:[]},&quot;slides_to_show_mobile&quot;:&quot;5&quot;,&quot;slides_to_scroll_mobile&quot;:&quot;1&quot;,&quot;image_spacing_custom_mobile&quot;:{&quot;unit&quot;:&quot;px&quot;,&quot;size&quot;:13,&quot;sizes&quot;:[]},&quot;autoplay_speed&quot;:1500,&quot;slides_to_show_tablet&quot;:&quot;5&quot;,&quot;slides_to_scroll_tablet&quot;:&quot;1&quot;,&quot;image_spacing_custom_tablet&quot;:{&quot;unit&quot;:&quot;px&quot;,&quot;size&quot;:18,&quot;sizes&quot;:[]},&quot;autoplay&quot;:&quot;yes&quot;,&quot;pause_on_hover&quot;:&quot;yes&quot;,&quot;pause_on_interaction&quot;:&quot;yes&quot;,&quot;infinite&quot;:&quot;yes&quot;,&quot;speed&quot;:500}\" data-widget_type=\"image-carousel.default\">\n\t\t\t\t<div class=\"elementor-widget-container\">\n\t\t\t\t\t<div class=\"elementor-image-carousel-wrapper swiper\" dir=\"ltr\">\n\t\t\t<div class=\"elementor-image-carousel swiper-wrapper\" aria-live=\"off\">\n\t\t\t\t\t\t\t\t<div class=\"swiper-slide\" role=\"group\" aria-roledescription=\"slide\" aria-label=\"1 of 8\"><figure class=\"swiper-slide-inner\"><img decoding=\"async\" class=\"swiper-slide-image\" src=\"https:\/\/clustermedicochihuahua.com\/wp-content\/uploads\/2023\/08\/Custer-CANACO.png\" alt=\"Cu\u0301ster CANACO\" \/><\/figure><\/div><div class=\"swiper-slide\" role=\"group\" aria-roledescription=\"slide\" aria-label=\"2 of 8\"><figure class=\"swiper-slide-inner\"><img decoding=\"async\" class=\"swiper-slide-image\" src=\"https:\/\/clustermedicochihuahua.com\/wp-content\/uploads\/2023\/08\/\u00a1Ah-Chihuahua.png\" alt=\"\u00a1Ah Chihuahua!\" \/><\/figure><\/div><div class=\"swiper-slide\" role=\"group\" aria-roledescription=\"slide\" aria-label=\"3 of 8\"><figure class=\"swiper-slide-inner\"><img decoding=\"async\" class=\"swiper-slide-image\" src=\"https:\/\/clustermedicochihuahua.com\/wp-content\/uploads\/2023\/08\/Municipio-de-Chihuahua.png\" alt=\"Municipio de Chihuahua\" \/><\/figure><\/div><div class=\"swiper-slide\" role=\"group\" aria-roledescription=\"slide\" aria-label=\"4 of 8\"><figure class=\"swiper-slide-inner\"><img decoding=\"async\" class=\"swiper-slide-image\" src=\"https:\/\/clustermedicochihuahua.com\/wp-content\/uploads\/2023\/07\/Gobierno-del-estado-de-Chihuahua.png\" alt=\"Gobierno del estado de Chihuahua\" \/><\/figure><\/div><div class=\"swiper-slide\" role=\"group\" aria-roledescription=\"slide\" aria-label=\"5 of 8\"><figure class=\"swiper-slide-inner\"><img decoding=\"async\" class=\"swiper-slide-image\" src=\"https:\/\/clustermedicochihuahua.com\/wp-content\/uploads\/2023\/07\/Canaco-Chihuahua.png\" alt=\"Canaco Chihuahua\" \/><\/figure><\/div><div class=\"swiper-slide\" role=\"group\" aria-roledescription=\"slide\" aria-label=\"6 of 8\"><figure class=\"swiper-slide-inner\"><img decoding=\"async\" class=\"swiper-slide-image\" src=\"https:\/\/clustermedicochihuahua.com\/wp-content\/uploads\/2023\/07\/UACH.png\" alt=\"UACH\" \/><\/figure><\/div><div class=\"swiper-slide\" role=\"group\" aria-roledescription=\"slide\" aria-label=\"7 of 8\"><figure class=\"swiper-slide-inner\"><img decoding=\"async\" class=\"swiper-slide-image\" src=\"https:\/\/clustermedicochihuahua.com\/wp-content\/uploads\/2024\/03\/Clinica-St.-Johns.png\" alt=\"Cli\u0301nica St. Johns\" \/><\/figure><\/div><div class=\"swiper-slide\" role=\"group\" aria-roledescription=\"slide\" aria-label=\"8 of 8\"><figure class=\"swiper-slide-inner\"><img decoding=\"async\" class=\"swiper-slide-image\" src=\"https:\/\/clustermedicochihuahua.com\/wp-content\/uploads\/2024\/04\/StarMe\u0301dica-Logo.png\" alt=\"StarMe\u0301dica Logo\" \/><\/figure><\/div>\t\t\t<\/div>\n\t\t\t\t\t\t\t\n\t\t\t\t\t\t\t\t\t<\/div>\n\t\t\t\t<\/div>\n\t\t\t\t<\/div>\n\t\t\t\t\t<\/div>\n\t\t<\/div>\n\t\t\t\t\t<\/div>\n\t\t<\/section>\n\t\t\t\t<section class=\"elementor-section elementor-top-section elementor-element elementor-element-763066d7 elementor-section-boxed elementor-section-height-default elementor-section-height-default\" data-id=\"763066d7\" data-element_type=\"section\">\n\t\t\t\t\t\t<div class=\"elementor-container elementor-column-gap-default\">\n\t\t\t\t\t<div class=\"elementor-column elementor-col-50 elementor-top-column elementor-element elementor-element-67ab3cc0\" data-id=\"67ab3cc0\" data-element_type=\"column\">\n\t\t\t<div class=\"elementor-widget-wrap elementor-element-populated\">\n\t\t\t\t\t\t<div class=\"elementor-element elementor-element-641df7ba elementor-widget elementor-widget-image\" data-id=\"641df7ba\" data-element_type=\"widget\" data-widget_type=\"image.default\">\n\t\t\t\t<div class=\"elementor-widget-container\">\n\t\t\t\t\t\t\t\t\t\t\t\t\t<img decoding=\"async\" width=\"2000\" height=\"1333\" src=\"https:\/\/clustermedicochihuahua.com\/wp-content\/uploads\/2023\/10\/Canaco-40.jpg\" class=\"attachment-full size-full wp-image-2799\" alt=\"\" srcset=\"https:\/\/clustermedicochihuahua.com\/wp-content\/uploads\/2023\/10\/Canaco-40.jpg 2000w, https:\/\/clustermedicochihuahua.com\/wp-content\/uploads\/2023\/10\/Canaco-40-300x200.jpg 300w, https:\/\/clustermedicochihuahua.com\/wp-content\/uploads\/2023\/10\/Canaco-40-1024x682.jpg 1024w, https:\/\/clustermedicochihuahua.com\/wp-content\/uploads\/2023\/10\/Canaco-40-768x512.jpg 768w, https:\/\/clustermedicochihuahua.com\/wp-content\/uploads\/2023\/10\/Canaco-40-1536x1024.jpg 1536w, https:\/\/clustermedicochihuahua.com\/wp-content\/uploads\/2023\/10\/Canaco-40-18x12.jpg 18w\" sizes=\"(max-width: 2000px) 100vw, 2000px\" \/>\t\t\t\t\t\t\t\t\t\t\t\t\t<\/div>\n\t\t\t\t<\/div>\n\t\t\t\t\t<\/div>\n\t\t<\/div>\n\t\t\t\t<div class=\"elementor-column elementor-col-50 elementor-top-column elementor-element elementor-element-36d89ce7\" data-id=\"36d89ce7\" data-element_type=\"column\">\n\t\t\t<div class=\"elementor-widget-wrap elementor-element-populated\">\n\t\t\t\t\t\t<div class=\"elementor-element elementor-element-12f4056d elementor-widget elementor-widget-heading\" data-id=\"12f4056d\" data-element_type=\"widget\" data-widget_type=\"heading.default\">\n\t\t\t\t<div class=\"elementor-widget-container\">\n\t\t\t<h6 class=\"elementor-heading-title elementor-size-default\">About us<\/h6>\t\t<\/div>\n\t\t\t\t<\/div>\n\t\t\t\t<div class=\"elementor-element elementor-element-30584ba6 elementor-widget elementor-widget-heading\" data-id=\"30584ba6\" data-element_type=\"widget\" data-widget_type=\"heading.default\">\n\t\t\t\t<div class=\"elementor-widget-container\">\n\t\t\t<h2 class=\"elementor-heading-title elementor-size-default\">Our mission<\/h2>\t\t<\/div>\n\t\t\t\t<\/div>\n\t\t\t\t<div class=\"elementor-element elementor-element-32215fa9 elementor-widget elementor-widget-text-editor\" data-id=\"32215fa9\" data-element_type=\"widget\" data-widget_type=\"text-editor.default\">\n\t\t\t\t<div class=\"elementor-widget-container\">\n\t\t\t\t\t\t\t\t\t\t\t\t\t<\/div>\n\t\t\t\t<\/div>\n\t\t\t\t<section class=\"elementor-section elementor-inner-section elementor-element elementor-element-53f9868b elementor-section-boxed elementor-section-height-default elementor-section-height-default\" data-id=\"53f9868b\" data-element_type=\"section\">\n\t\t\t\t\t\t<div class=\"elementor-container elementor-column-gap-default\">\n\t\t\t\t\t<div class=\"elementor-column elementor-col-100 elementor-inner-column elementor-element elementor-element-7e671013\" data-id=\"7e671013\" data-element_type=\"column\">\n\t\t\t<div class=\"elementor-widget-wrap elementor-element-populated\">\n\t\t\t\t\t\t<div class=\"elementor-element elementor-element-bed5973 elementor-widget elementor-widget-text-editor\" data-id=\"bed5973\" data-element_type=\"widget\" data-widget_type=\"text-editor.default\">\n\t\t\t\t<div class=\"elementor-widget-container\">\n\t\t\t\t\t\t\t<p>Our mission is to promote sustainable growth and excellence in the medical and health sector in Chihuahua through strategic collaboration. We offer services and support to strengthen the competitiveness of our institutions and professionals, promoting ethical and responsible development. We seek to consolidate Chihuahua as a reference destination in medical and health tourism, providing quality care and contributing to the well-being of our patients and the community in general, creating experiences.<\/p>\t\t\t\t\t\t<\/div>\n\t\t\t\t<\/div>\n\t\t\t\t\t<\/div>\n\t\t<\/div>\n\t\t\t\t\t<\/div>\n\t\t<\/section>\n\t\t\t\t\t<\/div>\n\t\t<\/div>\n\t\t\t\t\t<\/div>\n\t\t<\/section>\n\t\t\t\t<section class=\"elementor-section elementor-top-section elementor-element elementor-element-d4f36c8 elementor-section-boxed elementor-section-height-default elementor-section-height-default\" data-id=\"d4f36c8\" data-element_type=\"section\">\n\t\t\t\t\t\t<div class=\"elementor-container elementor-column-gap-default\">\n\t\t\t\t\t<div class=\"elementor-column elementor-col-50 elementor-top-column elementor-element elementor-element-e190547\" data-id=\"e190547\" data-element_type=\"column\">\n\t\t\t<div class=\"elementor-widget-wrap elementor-element-populated\">\n\t\t\t\t\t\t<div class=\"elementor-element elementor-element-0977df0 elementor-widget elementor-widget-heading\" data-id=\"0977df0\" data-element_type=\"widget\" data-widget_type=\"heading.default\">\n\t\t\t\t<div class=\"elementor-widget-container\">\n\t\t\t<h2 class=\"elementor-heading-title elementor-size-default\">Our vision<\/h2>\t\t<\/div>\n\t\t\t\t<\/div>\n\t\t\t\t<div class=\"elementor-element elementor-element-7ebff23 elementor-widget elementor-widget-text-editor\" data-id=\"7ebff23\" data-element_type=\"widget\" data-widget_type=\"text-editor.default\">\n\t\t\t\t<div class=\"elementor-widget-container\">\n\t\t\t\t\t\t\t\t\t\t\t\t\t<\/div>\n\t\t\t\t<\/div>\n\t\t\t\t<section class=\"elementor-section elementor-inner-section elementor-element elementor-element-98a04bd elementor-section-boxed elementor-section-height-default elementor-section-height-default\" data-id=\"98a04bd\" data-element_type=\"section\">\n\t\t\t\t\t\t<div class=\"elementor-container elementor-column-gap-default\">\n\t\t\t\t\t<div class=\"elementor-column elementor-col-100 elementor-inner-column elementor-element elementor-element-a0995a8\" data-id=\"a0995a8\" data-element_type=\"column\">\n\t\t\t<div class=\"elementor-widget-wrap elementor-element-populated\">\n\t\t\t\t\t\t<div class=\"elementor-element elementor-element-652d32b elementor-widget elementor-widget-text-editor\" data-id=\"652d32b\" data-element_type=\"widget\" data-widget_type=\"text-editor.default\">\n\t\t\t\t<div class=\"elementor-widget-container\">\n\t\t\t\t\t\t\t<p>Our vision is to position Chihuahua as an outstanding reference in the field of medical tourism and health. We are committed to establishing a professional union that drives significant economic growth in our community, while providing exceptional healthcare and quality services to national and international patients.<\/p>\t\t\t\t\t\t<\/div>\n\t\t\t\t<\/div>\n\t\t\t\t\t<\/div>\n\t\t<\/div>\n\t\t\t\t\t<\/div>\n\t\t<\/section>\n\t\t\t\t\t<\/div>\n\t\t<\/div>\n\t\t\t\t<div class=\"elementor-column elementor-col-50 elementor-top-column elementor-element elementor-element-956eead\" data-id=\"956eead\" data-element_type=\"column\">\n\t\t\t<div class=\"elementor-widget-wrap elementor-element-populated\">\n\t\t\t\t\t\t<div class=\"elementor-element elementor-element-496c5c1 elementor-widget elementor-widget-image\" data-id=\"496c5c1\" data-element_type=\"widget\" data-widget_type=\"image.default\">\n\t\t\t\t<div class=\"elementor-widget-container\">\n\t\t\t\t\t\t\t\t\t\t\t\t\t<img decoding=\"async\" width=\"1280\" height=\"854\" src=\"https:\/\/clustermedicochihuahua.com\/wp-content\/uploads\/2024\/04\/531ad6ce-8f4c-4e6f-95e0-5440241f4868.JPG\" class=\"attachment-full size-full wp-image-2944\" alt=\"\" srcset=\"https:\/\/clustermedicochihuahua.com\/wp-content\/uploads\/2024\/04\/531ad6ce-8f4c-4e6f-95e0-5440241f4868.JPG 1280w, https:\/\/clustermedicochihuahua.com\/wp-content\/uploads\/2024\/04\/531ad6ce-8f4c-4e6f-95e0-5440241f4868-300x200.jpg 300w, https:\/\/clustermedicochihuahua.com\/wp-content\/uploads\/2024\/04\/531ad6ce-8f4c-4e6f-95e0-5440241f4868-1024x683.jpg 1024w, https:\/\/clustermedicochihuahua.com\/wp-content\/uploads\/2024\/04\/531ad6ce-8f4c-4e6f-95e0-5440241f4868-768x512.jpg 768w, https:\/\/clustermedicochihuahua.com\/wp-content\/uploads\/2024\/04\/531ad6ce-8f4c-4e6f-95e0-5440241f4868-18x12.jpg 18w\" sizes=\"(max-width: 1280px) 100vw, 1280px\" \/>\t\t\t\t\t\t\t\t\t\t\t\t\t<\/div>\n\t\t\t\t<\/div>\n\t\t\t\t\t<\/div>\n\t\t<\/div>\n\t\t\t\t\t<\/div>\n\t\t<\/section>\n\t\t\t\t<\/div>","protected":false},"excerpt":{"rendered":"<p>Nuestro Objetivo L\u00edderes en la transformaci\u00f3n del sector de Turismo M\u00e9dico y de Salud en el Estado de Chihuahua, M\u00e9xico. Establecer un renombrado Cl\u00faster Tur\u00edstico M\u00e9dico que capitalice los recursos m\u00e9dicos de excelencia y la asombrosa belleza natural de la regi\u00f3n. Nos enfocamos en impulsar el crecimiento y la promoci\u00f3n del turismo m\u00e9dico, brindando experiencias&#8230;.<\/p>","protected":false},"author":1,"featured_media":-1,"parent":0,"menu_order":0,"comment_status":"closed","ping_status":"closed","template":"elementor_header_footer","meta":{"footnotes":""},"_links":{"self":[{"href":"https:\/\/clustermedicochihuahua.com\/en\/wp-json\/wp\/v2\/pages\/1889"}],"collection":[{"href":"https:\/\/clustermedicochihuahua.com\/en\/wp-json\/wp\/v2\/pages"}],"about":[{"href":"https:\/\/clustermedicochihuahua.com\/en\/wp-json\/wp\/v2\/types\/page"}],"author":[{"embeddable":true,"href":"https:\/\/clustermedicochihuahua.com\/en\/wp-json\/wp\/v2\/users\/1"}],"replies":[{"embeddable":true,"href":"https:\/\/clustermedicochihuahua.com\/en\/wp-json\/wp\/v2\/comments?post=1889"}],"version-history":[{"count":62,"href":"https:\/\/clustermedicochihuahua.com\/en\/wp-json\/wp\/v2\/pages\/1889\/revisions"}],"predecessor-version":[{"id":2969,"href":"https:\/\/clustermedicochihuahua.com\/en\/wp-json\/wp\/v2\/pages\/1889\/revisions\/2969"}],"wp:featuredmedia":[{"embeddable":true,"href":"https:\/\/clustermedicochihuahua.com\/en\/wp-json\/"}],"wp:attachment":[{"href":"https:\/\/clustermedicochihuahua.com\/en\/wp-json\/wp\/v2\/media?parent=1889"}],"curies":[{"name":"wp","href":"https:\/\/api.w.org\/{rel}","templated":true}]}}